{"id":824,"date":"2023-06-02T10:16:09","date_gmt":"2023-06-02T08:16:09","guid":{"rendered":"https:\/\/www.iml.rwth-aachen.de\/?page_id=824"},"modified":"2023-06-02T10:32:09","modified_gmt":"2023-06-02T08:32:09","slug":"sindern","status":"publish","type":"page","link":"https:\/\/www.iml.rwth-aachen.de\/?page_id=824","title":{"rendered":"sindern"},"content":{"rendered":"<h2>PD Dr. rer. nat. Sven Sindern<\/h2>\n<h3>Akademischer Oberrat, Leiter des Labors f\u00fcr Geochemie und Umweltanalytik, Institut f\u00fcr Mineralogie und Lagerst\u00e4ttenlehre<\/h3>\n<table border=\"0\">\n<tbody>\n<tr>\n<td valign=\"top\" width=\"400\"><strong>Adresse:<\/strong><br \/>\nW\u00fcllnerstr. 2<br \/>\n52062 Aachenbzw. Labor f\u00fcr Geochemie und Umweltanalytik<br \/>\nS\u00fcsterfeldstrasse 22,<br \/>\n52072 Aachen<\/p>\n<p>Tel. 0241\/80-95778<br \/>\nFax. 0241\/80-92341<\/p>\n<p><a href=\"mailto:sindern@rwth-aachen.de\">sindern@rwth-aachen.de<\/a><br \/>\n<a href=\"mailto:sindern@emr.rwth-aachen.de\">sindern@emr.rwth-aachen.de<\/a><\/td>\n<td><!--<img decoding=\"async\" src=\"Sindern.jpg\" mce_src=\"admin\/Sindern.jpg\" width=259 height=350 border=0>--><\/td>\n<\/tr>\n<\/tbody>\n<\/table>\n<h3>CV<\/h3>\n<table border=\"0\" cellspacing=\"10\">\n<colgroup span=\"1\">\n<col span=\"1\" width=\"150\" \/>\n<col span=\"1\" width=\"500\" \/> <\/colgroup>\n<tbody>\n<tr>\n<td valign=\"top\"><strong>Name<\/strong><\/td>\n<td>Sven Sindern<\/td>\n<\/tr>\n<tr>\n<td valign=\"top\"><strong>Geburtsdatum<\/strong><\/td>\n<td>19.10.1967, Berlin<\/td>\n<\/tr>\n<tr>\n<td valign=\"top\"><strong>Familienstand<\/strong><\/td>\n<td>verheiratet, 2 Kinder<\/td>\n<\/tr>\n<tr>\n<td valign=\"top\"><strong>Schulausbildung<\/strong><\/td>\n<td>1975-1987 Abitur, Helmholtz-Gymnasium Bielefeld<\/td>\n<\/tr>\n<tr>\n<td valign=\"top\"><strong>Wehrdienst<\/strong><\/td>\n<td>1987-1988<\/td>\n<\/tr>\n<tr>\n<td valign=\"top\"><strong>Studium<\/strong><\/td>\n<td><\/td>\n<\/tr>\n<tr>\n<td valign=\"top\"><strong>WS 1988\/89 &#8211; SS 1993\u00a0<\/strong><\/td>\n<td>Geologiestudium am Geologisch-Pal\u00e4ontologischen Institut der Westf\u00e4lischen Wilhelms-Universit\u00e4t, M\u00fcnster, Abschluss als Diplom-Geologe<\/td>\n<\/tr>\n<tr>\n<td valign=\"top\"><strong>WS 1993\/94 &#8211;<br \/>\nWS 1995\/96 <\/strong><\/td>\n<td>Promotionsstudium am Institut f\u00fcr Mineralogie der Westf\u00e4lischen Wilhelms-Universit\u00e4t, M\u00fcnster<\/td>\n<\/tr>\n<tr>\n<td valign=\"top\"><strong>SS 1996 &#8211;<br \/>\nWS 1997\/1998 <\/strong><\/td>\n<td>Promotionsstudium am Institut f\u00fcr Mineralogie und Lagerst\u00e4ttenlehre der RWTH-Aachen, Abschluss Dr. rer nat.<\/td>\n<\/tr>\n<tr>\n<td valign=\"top\"><strong>Promotionsthema<\/strong><\/td>\n<td>Stofftransport, Stoffaustausch und Schmelzbildung in der Fenit-Aureole des Iivaara-Alkaligesteinskomplexes, Nordfinnland.<\/td>\n<\/tr>\n<\/tbody>\n<\/table>\n<p><!-- p><strong><a href=\"\/index.php?id=lehre\">Vorlesungen<\/a><\/strong>\n\n<strong><a href=\"\/data\/media\/File\/Praktikumsanleitung AnorgGeochemieBlockpraktikum09.pdf\" target=\"_blank\" rel=\"noopener\">Praktikumsanleitung<\/a><\/strong><\/p -->\n<p><strong>Publikationen<\/strong><\/p>\n<p>Publications in Journals, peer reviewed<\/p>\n<table border=\"0\">\n<tbody>\n<tr>\n<td>Petta, R.A., <strong>Sindern, S<\/strong>., Souza, R.F., Campos, T.F.C. (2014) Influence of mining activity on the downstream sediments of scheelite mines in Currais Novos (NE Brazil), Environmental Earth Sciences, DOI:10.1007\/s12665-014-3093-0, published online first<\/td>\n<\/tr>\n<tr>\n<td><strong>Sindern, S<\/strong>., Gerdes, A., Ronkin, Y.L., Dziggel, A., Hetzel, R., Schulte, B.A. (2012) Monazite stability, composition and geochronology as tracers of Proterozoic events at the eastern margin of the East European Craton (Taratash complex, Middle Urals). Lithos, 132-133, 82-97.<\/td>\n<\/tr>\n<tr>\n<td><strong>Sindern, S.<\/strong>, Meyer, F.M., L\u00f6gering, M.J., Kolb, J., Vennemann, T., Schwarzbauer, J. (2012) Fluid evolution at the Variscan front in the vicinity of the Aachen thrust. Int J Earth Sci (Geol Rundsch) 101:87\u2013108.<\/td>\n<\/tr>\n<tr>\n<td>Piribauer, Chr., <strong>Sindern, S.<\/strong>, Meyer, F.M., Vennemann, T.W., Prochaska, W. (2011) Fluid inclusions in the Outokumpu Deep Drill Core: implications for paleofluid evolution and the composition of moden deep saline fluids. In: Outokumpu Deep Drilling Project 2003 \u2013 2010 \/ Ed. by Ilmo T. Kukkonen. &#8211; Espoo : Tutkimuskeskus, 2011. &#8211; (Special paper \/ Geological Survey of Finland ; 51). &#8211; ISBN: 978-952-217-151-1, 978-952-217-152-8. &#8211; ISSN: 0782-8535, S.\/Art.: 169-180<\/td>\n<\/tr>\n<tr>\n<td>Sachse, V.F., Littke, R., Heim, S., Kluth, O., Schober, J., Boutib, L., Jabour, H., Perssen, F., <strong>Sindern, S.<\/strong> (2011) Petroleum source rocks of the Tarfaya Basin and adjacent areas, Morocco. Organic geochemistry. &#8211; Oxford [u.a.] : Pergamon. &#8211; ISSN: 0146-6380. &#8211; 42 (2011) 3, S.\/Art.: 209-22<\/td>\n<\/tr>\n<tr>\n<td>Schwarzbauer, J.,<strong> Sindern, S.<\/strong>, Dsikowitzky, L., Liebezeit, G. (2010) Geochemical analysis of Lake Bant sediments to ascertain inorganic and organic indicators for warfare residues. Journal of Soils and Sediments 10, 104 \u2013 118. ISSN 1439-0108<\/td>\n<\/tr>\n<tr>\n<td>Oskierski, H.C.,<strong> Sindern, S.<\/strong>, Lima, R.F.S., Petta, R.A. (2009) Geogenic and anthropogenic lead isotope signatures in the urban environment of Natal (NE-Brazil). Environmental Geology 58 (8), 1811-1817 &#8211; DOI 10.1007\/s00254-008-1679-0, seit 2010 weitergef\u00fchrt unter \u201cEnvironmental Earth Sciences\u201d<\/td>\n<\/tr>\n<tr>\n<td><strong>Sindern, S.<\/strong>, Warnsloh, J.M., Trautwein-Bruns, U., Chatziliadou, M., Becker, S., Y\u00fcceer, S., Hilgers, C., Kramm, U. (2008) Geochemical composition of sedimentary rocks and imprint of hydrothermal fluid flow at the Variscan front \u2013 an example from the RWTH-1 well (Germany). Zeitschrift der Deutschen Gesellschaft f\u00fcr Geowissenschaften 159, 623 \u2013 640.<\/td>\n<\/tr>\n<tr>\n<td><strong>Sindern, S<\/strong>., Stanjek, H., Hilgers, C., Etoundi, Y. (2007) Short-term hydrothermal effects in the \u201ecrystallinities\u201c of illite and chlorite in the footwall of the Aachen-Faille du Midi thrust fault \u2013 first results of the RWTH-1 drilling project. Clays and Clay Minerals, 55, 200 \u2013 212.<\/td>\n<\/tr>\n<tr>\n<td><strong>Sindern, S.<\/strong>, Lima, R., Schwarzbauer, J., Petta, R. (2006) Anthropogenic heavy metal signatures for the fast growing urban area of Natal (NE Brazil). Environmental Geology 52, 731 \u2013 737.<\/td>\n<\/tr>\n<tr>\n<td><strong>Sindern, S.<\/strong>, Hetzel, R., Schulte, B.A., Kramm, U., Ronkin, YuL., Maslov, A.V., Lepikhina, O.P. (2005) Proterozoic magmatic and tectonometamorphic evolution of the Taratash complex, Central Urals, Russia, International Journal of Earth Sciences (Geologische Rundschau) 94: 319 \u2013 335.<\/td>\n<\/tr>\n<tr>\n<td>Hilgers, Chr., <strong>Sindern, S.<\/strong> (2005) Textural and isotopic evidence on the fluid source and transport mechanism of antitaxial fibrous microstructures from the Alps and the Appalachians. Geofluids, 5, 1-12.<\/td>\n<\/tr>\n<tr>\n<td>Kolb, J., <strong>Sindern, S<\/strong>., Kisters, A.F.M., Meyer, M., Hoernes, S., Schneider, J. (2005) Timing of orogenic gold mineralization at Kochkar in the evolution of the East Uralian Granite-Gneiss terrane. Mineralium Deposita 40: 473 &#8211; 491<\/td>\n<\/tr>\n<tr>\n<td>Kolb, J., Hellmann, A., Rogers, A., <strong>Sindern, S.<\/strong>, Vennemann, T. W., B\u00f6ttcher, M. E., Meyer, F. M. (2004) The Role of a Transcrustal Shear Zone for Orogenic Gold Mineralization at the Ajjanahalli Mine, Dharwar Craton, South India. Economic Geology 99, 743 &#8211; 759<\/td>\n<\/tr>\n<tr>\n<td><strong>Sindern, S.<\/strong>, Zaitsev, A.N., Dem\u00e9ny, A., Bell, K., Chakmouradian, J., Kramm, U., Moutte, J., Rukhlov, A.S. (2004) Mineralogy and geochemistry of silicate dyke rocks associated with carbonatites from the Khibina complex (Kola, Russia) \u2013 Isotope constraints on genesis and small-scale mantle sources. Mineralogy and Petrology 80, 215 &#8211; 239.<\/td>\n<\/tr>\n<tr>\n<td>Willner, A.P., <strong>Sindern, S<\/strong>., Metzger, R., Ermolaeva, T., Kramm, U., Puchkov, V. &amp; Kronz, A. (2003) Typology and single grain U\/Pb ages of detrital zircon from Proterozoic sandstones in the SW Urals: early time marks at the eastern margin of Baltica. Precambrian Research 124, 1 \u2013 20.<\/td>\n<\/tr>\n<tr>\n<td>Zaitsev, A.N., Dem\u00e9ny, A., <strong>Sindern, S.<\/strong>, Wall, F. (2002) Burbankite group minerals and their alteration in rare earth carbonatites \u2013 source of elements and fluids (evidence from C \u2013 O and Sr \u2013 Nd isotopic data). Lithos 62, 15-33.<\/td>\n<\/tr>\n<tr>\n<td>Schulte, B., <strong>Sindern, S.<\/strong> (2002) K-rich fluid metasomatism at high pressure metamorphic conditions: Lawsonite decomposition in rodingitized ultramafite of the Maksyutovo Complex, Southern Urals (Russia). Journal of metamorphic Geology, 20, 1-13.<\/td>\n<\/tr>\n<tr>\n<td><strong>Sindern, S.<\/strong>, Kramm, U. (2000) Volume characteristics and element transfer of fenite aureoles: a case study from the Iivaara alkaline complex, Finland. Lithos, 51, 75-93.<\/td>\n<\/tr>\n<tr>\n<td>Kramm, U., <strong>Sindern, S.<\/strong> (1998) Nd and Sr isotope signatures of fenites from Oldoinyo Lengai, Tanzania, and the genetic relationships between nephelinites, phonolites and carbonatites. Journal of Petrology, 39, 1997-2004<\/td>\n<\/tr>\n<tr>\n<td><strong>Sindern, S.,<\/strong> Hellebrandt, B., Bischoff, L., Sylvester, H. (1994) Miocene volcanism and tectonics in the La Coipa area, 27\u00b0S, Chile. Zentralblatt f\u00fcr Geologie und Pal\u00e4ontologie, Teil I, H. 7\/8, 853-868, Stuttgart, April 1996<\/td>\n<\/tr>\n<\/tbody>\n<\/table>\n<p>Book chapters, peer reviewed<\/p>\n<table border=\"0\">\n<tbody>\n<tr>\n<td>Kolb, J., Meyer, F.M., Vennemann, T., <strong>Sindern, S.<\/strong>, Prantl, S., B\u00f6ttcher, M.E., Sakellaris, G.A. (2010) Characteristics of hydrothermal fluids forming the Guelb Moghrein Fe Oxide-Cu-Au-Co deposit, Mauritania: Ore mineral chemistry, fluid inclusions and isotope geochemistry. In: Porter, T.M. (ed.) Hydrothermal iron oxide copper-gold &amp; related deposits: A global perspective, pp. 553 \u2013 572. PGC Publishing, Adelaide, ISBN 978-0-9871196-2-9<\/td>\n<\/tr>\n<tr>\n<td>Kramm, U.,<strong> Sindern, S<\/strong>. (2004) Timing of Kola ultrabasic, alkaline and phoscorite-carbonatite magmatism. In: Wall, F. and Zaitsev, A. (Eds.): Phoscorites and carbonatites from mantle to mine: the key example of the Kola Alkaline Province. Mineralogical Society Series 10, 75 \u2013 97, Mineralogical Society, London<\/td>\n<\/tr>\n<\/tbody>\n<\/table>\n","protected":false},"excerpt":{"rendered":"<p>PD Dr. rer. nat. Sven Sindern Akademischer Oberrat, Leiter des Labors f\u00fcr Geochemie und Umweltanalytik, Institut f\u00fcr Mineralogie und Lagerst\u00e4ttenlehre Adresse: W\u00fcllnerstr. 2 52062 Aachenbzw. Labor f\u00fcr Geochemie und Umweltanalytik S\u00fcsterfeldstrasse 22, 52072 Aachen Tel. 0241\/80-95778 Fax. 0241\/80-92341 sindern@rwth-aachen.de sindern@emr.rwth-aachen.de CV Name Sven Sindern Geburtsdatum 19.10.1967, Berlin Familienstand verheiratet, 2 Kinder Schulausbildung 1975-1987 Abitur, Helmholtz-Gymnasium [&hellip;]<\/p>\n","protected":false},"author":1,"featured_media":0,"parent":250,"menu_order":0,"comment_status":"closed","ping_status":"closed","template":"elementor_header_footer","meta":{"footnotes":""},"class_list":["post-824","page","type-page","status-publish","hentry"],"_links":{"self":[{"href":"https:\/\/www.iml.rwth-aachen.de\/index.php?rest_route=\/wp\/v2\/pages\/824","targetHints":{"allow":["GET"]}}],"collection":[{"href":"https:\/\/www.iml.rwth-aachen.de\/index.php?rest_route=\/wp\/v2\/pages"}],"about":[{"href":"https:\/\/www.iml.rwth-aachen.de\/index.php?rest_route=\/wp\/v2\/types\/page"}],"author":[{"embeddable":true,"href":"https:\/\/www.iml.rwth-aachen.de\/index.php?rest_route=\/wp\/v2\/users\/1"}],"replies":[{"embeddable":true,"href":"https:\/\/www.iml.rwth-aachen.de\/index.php?rest_route=%2Fwp%2Fv2%2Fcomments&post=824"}],"version-history":[{"count":4,"href":"https:\/\/www.iml.rwth-aachen.de\/index.php?rest_route=\/wp\/v2\/pages\/824\/revisions"}],"predecessor-version":[{"id":840,"href":"https:\/\/www.iml.rwth-aachen.de\/index.php?rest_route=\/wp\/v2\/pages\/824\/revisions\/840"}],"up":[{"embeddable":true,"href":"https:\/\/www.iml.rwth-aachen.de\/index.php?rest_route=\/wp\/v2\/pages\/250"}],"wp:attachment":[{"href":"https:\/\/www.iml.rwth-aachen.de\/index.php?rest_route=%2Fwp%2Fv2%2Fmedia&parent=824"}],"curies":[{"name":"wp","href":"https:\/\/api.w.org\/{rel}","templated":true}]}}