{"id":742,"date":"2022-04-06T15:16:25","date_gmt":"2022-04-06T13:16:25","guid":{"rendered":"http:\/\/www.iml.rwth-aachen.de\/?page_id=742"},"modified":"2025-02-24T15:18:44","modified_gmt":"2025-02-24T14:18:44","slug":"fluidlabor","status":"publish","type":"page","link":"https:\/\/www.iml.rwth-aachen.de\/?page_id=742","title":{"rendered":"Fluidlabor"},"content":{"rendered":"\t\t<div data-elementor-type=\"wp-page\" data-elementor-id=\"742\" class=\"elementor elementor-742\">\n\t\t\t\t\t\t<section class=\"elementor-section elementor-top-section elementor-element elementor-element-3b2706b0 elementor-section-boxed elementor-section-height-default elementor-section-height-default\" data-id=\"3b2706b0\" data-element_type=\"section\">\n\t\t\t\t\t\t<div class=\"elementor-container elementor-column-gap-default\">\n\t\t\t\t\t<div class=\"elementor-column elementor-col-100 elementor-top-column elementor-element elementor-element-7cf0c345\" data-id=\"7cf0c345\" data-element_type=\"column\">\n\t\t\t<div class=\"elementor-widget-wrap elementor-element-populated\">\n\t\t\t\t\t\t<div class=\"elementor-element elementor-element-85f5c97 elementor-widget elementor-widget-text-editor\" data-id=\"85f5c97\" data-element_type=\"widget\" data-widget_type=\"text-editor.default\">\n\t\t\t\t<div class=\"elementor-widget-container\">\n\t\t\t\t\t\t\t\t\t<h2><span style=\"font-size: medium;\">Fluidlabor<\/span><\/h2><p>Forschungsschwerpunkt: Mikrothermometrie von Fl\u00fcssigkeitseinschl\u00fcssen zur Charakterisierung hydrothermaler Fluide von Erzlagerst\u00e4tten.<\/p><p>\u00a0<\/p><table border=\"0\"><tbody><tr><td width=\"200\"><p><strong>\u00a0\u00a0\u00a0\u00a0\u00a0\u00a0 Ausstattung:<\/strong><\/p><ul><li>Linkham THMSG600 Heiz-K\u00fchltisch<\/li><li>Leica-Mikroskop<\/li><li>M\u00f6gliche Kopplung an ein mobiles Kamerager\u00e4t (Keyence)<\/li><\/ul><\/td><td valign=\"top\"><img fetchpriority=\"high\" decoding=\"async\" style=\"border: 0pt none;\" src=\"\/wp-content\/uploads\/images\/LeicaA.jpg\" alt=\"Fluidlabor\" width=\"303\" height=\"180\" \/>\u00a0<br \/><img decoding=\"async\" style=\"border: 0pt none;\" src=\"\/wp-content\/uploads\/images\/LeicaS.jpg\" alt=\"Fluidlabor\" width=\"303\" height=\"180\" \/><\/td><\/tr><\/tbody><\/table><p>Das Institut f\u00fcr Mineralogie und Lagerst\u00e4ttenlehre betreibt ein Fluidlabor zur Untersuchung und Charakterisierung von Fluideinschl\u00fcssen.<br \/>Ein optisches Mikroskop ist mit einem Heiz-K\u00fchltisch verbunden, welcher mit fl\u00fcssigem Stickstoff gek\u00fchlte wird. W\u00e4hrend der Mikrothermometrie,<br \/>werden die Einschl\u00fcsse eingefroren und wieder aufgeheizt. Dabei werden die Phasen\u00fcberg\u00e4nge innerhalb der Einschl\u00fcsse beobachtet und die<br \/>Temperatur genau gemessen. \u00dcber diese Temperaturen k\u00f6nnen bestimme Eigenschaften der Einschlussesgeneration berechnet werden.<br \/>Die Heiz- und K\u00fchlraten werden \u00fcber ein Touch-Display eingestellt und kontrolliert. F\u00fcr den Messvorgang werden kleine Gesteinst\u00fccke<br \/>doppelseitig auf 100-300 \u00b5m poliert und von der Glasplatte abgel\u00f6st. Zur Kalibrierung der Apparatur werden zumeist H2O und CO2 Standards<br \/>genutzt. Generell liegt die Abweichung bei \u00b10.1\u00b0C f\u00fcr K\u00fchlvorg\u00e4nge und \u00b12\u00b0C f\u00fcr Heizvorg\u00e4nge.<\/p><p><strong>Kontakt:<\/strong><\/p><p>Institut f\u00fcr Mineralogie und Lagerst\u00e4ttenlehre<br \/>W\u00fcllnerstr. 2<br \/>D-52056 Aachen<br \/>Tel.: +49 (0)241 80-95758<\/p>\t\t\t\t\t\t\t\t<\/div>\n\t\t\t\t<\/div>\n\t\t\t\t\t<\/div>\n\t\t<\/div>\n\t\t\t\t\t<\/div>\n\t\t<\/section>\n\t\t\t\t<\/div>\n\t\t","protected":false},"excerpt":{"rendered":"<p>Fluidlabor Forschungsschwerpunkt: Mikrothermometrie von Fl\u00fcssigkeitseinschl\u00fcssen zur Charakterisierung hydrothermaler Fluide von Erzlagerst\u00e4tten. \u00a0 \u00a0\u00a0\u00a0\u00a0\u00a0\u00a0 Ausstattung: Linkham THMSG600 Heiz-K\u00fchltisch Leica-Mikroskop M\u00f6gliche Kopplung an ein mobiles Kamerager\u00e4t (Keyence) \u00a0 Das Institut f\u00fcr Mineralogie und Lagerst\u00e4ttenlehre betreibt ein Fluidlabor zur Untersuchung und Charakterisierung von Fluideinschl\u00fcssen.Ein optisches Mikroskop ist mit einem Heiz-K\u00fchltisch verbunden, welcher mit fl\u00fcssigem Stickstoff gek\u00fchlte wird. W\u00e4hrend [&hellip;]<\/p>\n","protected":false},"author":1,"featured_media":0,"parent":260,"menu_order":0,"comment_status":"closed","ping_status":"closed","template":"","meta":{"footnotes":""},"class_list":["post-742","page","type-page","status-publish","hentry"],"_links":{"self":[{"href":"https:\/\/www.iml.rwth-aachen.de\/index.php?rest_route=\/wp\/v2\/pages\/742","targetHints":{"allow":["GET"]}}],"collection":[{"href":"https:\/\/www.iml.rwth-aachen.de\/index.php?rest_route=\/wp\/v2\/pages"}],"about":[{"href":"https:\/\/www.iml.rwth-aachen.de\/index.php?rest_route=\/wp\/v2\/types\/page"}],"author":[{"embeddable":true,"href":"https:\/\/www.iml.rwth-aachen.de\/index.php?rest_route=\/wp\/v2\/users\/1"}],"replies":[{"embeddable":true,"href":"https:\/\/www.iml.rwth-aachen.de\/index.php?rest_route=%2Fwp%2Fv2%2Fcomments&post=742"}],"version-history":[{"count":10,"href":"https:\/\/www.iml.rwth-aachen.de\/index.php?rest_route=\/wp\/v2\/pages\/742\/revisions"}],"predecessor-version":[{"id":950,"href":"https:\/\/www.iml.rwth-aachen.de\/index.php?rest_route=\/wp\/v2\/pages\/742\/revisions\/950"}],"up":[{"embeddable":true,"href":"https:\/\/www.iml.rwth-aachen.de\/index.php?rest_route=\/wp\/v2\/pages\/260"}],"wp:attachment":[{"href":"https:\/\/www.iml.rwth-aachen.de\/index.php?rest_route=%2Fwp%2Fv2%2Fmedia&parent=742"}],"curies":[{"name":"wp","href":"https:\/\/api.w.org\/{rel}","templated":true}]}}