{"id":724,"date":"2022-04-06T14:43:38","date_gmt":"2022-04-06T12:43:38","guid":{"rendered":"http:\/\/www.iml.rwth-aachen.de\/?page_id=724"},"modified":"2025-03-11T13:53:19","modified_gmt":"2025-03-11T12:53:19","slug":"labor-fuer-geochemie-und-umweltanalytik","status":"publish","type":"page","link":"https:\/\/www.iml.rwth-aachen.de\/?page_id=724","title":{"rendered":"Labor f\u00fcr Geochemie und Umweltanalytik"},"content":{"rendered":"\t\t<div data-elementor-type=\"wp-page\" data-elementor-id=\"724\" class=\"elementor elementor-724\">\n\t\t\t\t\t\t<section class=\"elementor-section elementor-top-section elementor-element elementor-element-6ceaee2c elementor-section-boxed elementor-section-height-default elementor-section-height-default\" data-id=\"6ceaee2c\" data-element_type=\"section\">\n\t\t\t\t\t\t<div class=\"elementor-container elementor-column-gap-default\">\n\t\t\t\t\t<div class=\"elementor-column elementor-col-100 elementor-top-column elementor-element elementor-element-3af8ca3c\" data-id=\"3af8ca3c\" data-element_type=\"column\">\n\t\t\t<div class=\"elementor-widget-wrap elementor-element-populated\">\n\t\t\t\t\t\t<div class=\"elementor-element elementor-element-61a59773 elementor-widget elementor-widget-text-editor\" data-id=\"61a59773\" data-element_type=\"widget\" data-widget_type=\"text-editor.default\">\n\t\t\t\t<div class=\"elementor-widget-container\">\n\t\t\t\t\t\t\t\t\t<h3><span style=\"font-size: medium;\">Labor f\u00fcr Geochemie und Umweltanalytik<\/span><\/h3><p>Im Labor f\u00fcr Geochemie und Umweltanalytik des Lehrstuhls f\u00fcr Angewandte Mineralogie und Lagerst\u00e4ttenlehre werden geochemische Analysen im Rahmen von Forschungsprojekten des Instituts f\u00fcr Angewandte Mineralogie und Lagerst\u00e4ttenlehre sowie von Kooperationspartnern innerhalb und au\u00dferhalb der RWTH angefertigt. Dar\u00fcberhinaus findet ein gro\u00dfer Teil des praktischen Unterrichts zur anorganischen geochemischen Analytik im Labor f\u00fcr Geochemie und Umweltanalytik statt.<\/p><p>Ansprechpartner: <br \/>PD Dr.rer.nat. Sven Sindern<br \/>Labor f\u00fcr Geochemie und Umweltanalytik<br \/>S\u00fcsterfeldstr. 22 <br \/>52056 Aachen <br \/>Tel. 0241-8095778 <br \/>E-mail: <a href=\"mailto:sindern@rwth-aachen.de\">sindern@rwth-aachen.de<\/a><\/p><p><!--Apparative Ausstattung: -\u00a0\u00a0\u00a0 Massenspektrometrie \/ Laser-Ablation Das ICP-Quadrupol-Massenspektrometer (PerkinElmer Elan DRCe) kann sowohl f\u00fcr die Spurenelementmessung an Fl\u00fcssigkeiten als auch in Kombination mit einem Laser-Ablationssystem eingesetzt werden. Als Laser-Ablationssystem wird der NewWave UP193Fx (ArF-Excimer-Laser) verwendet. -\u00a0\u00a0\u00a0Emissionsspektrometrie Das ICP-OES-System PerkinElmer Optima 2000 DV wird zur Messung eines breiten Spurenelementspektrums in gel\u00f6sten Proben genutzt. -\u00a0\u00a0\u00a0Atomabsorptionsspektrometrie Das hier vorhandene PerkinElmer AAnalyst 800 Atomabsorptionsspektrometer wird als Graphitrohr-AAS betrieben werden. Es wird \u00fcberwiegend als Graphitrohr-System (querbeheizter THGA Graphitrohrofen, longitudinale Zeeman-Effekt-Untergrundkorrektur) zur Bestimmung von Schwermetallkonzentrationen mit niedriger Nachweisgrenze (bei Bedarf mit Hydridtechnik) eingesetzt. -\u00a0\u00a0\u00a0 Kaltdampf-Atomabsorptionsspektrometrie Das PerkinElmer FIMS-100 ist ein AA-Spektrometer, das f\u00fcr die Analyse des leicht verdampfenden Elements Quecksilber in L\u00f6sungen ausgelegt ist. -\u00a0\u00a0\u00a0 Elementanalysator (Totalverdampfung)der Firma Leco zur Analyse von Schwefel aus pulverf\u00f6rmigen Proben nach Totalverdampfung.--><\/p>\t\t\t\t\t\t\t\t<\/div>\n\t\t\t\t<\/div>\n\t\t\t\t\t<\/div>\n\t\t<\/div>\n\t\t\t\t\t<\/div>\n\t\t<\/section>\n\t\t\t\t<\/div>\n\t\t","protected":false},"excerpt":{"rendered":"<p>Labor f\u00fcr Geochemie und Umweltanalytik Im Labor f\u00fcr Geochemie und Umweltanalytik des Lehrstuhls f\u00fcr Angewandte Mineralogie und Lagerst\u00e4ttenlehre werden geochemische Analysen im Rahmen von Forschungsprojekten des Instituts f\u00fcr Angewandte Mineralogie und Lagerst\u00e4ttenlehre sowie von Kooperationspartnern innerhalb und au\u00dferhalb der RWTH angefertigt. Dar\u00fcberhinaus findet ein gro\u00dfer Teil des praktischen Unterrichts zur anorganischen geochemischen Analytik im Labor [&hellip;]<\/p>\n","protected":false},"author":1,"featured_media":0,"parent":260,"menu_order":0,"comment_status":"closed","ping_status":"closed","template":"","meta":{"footnotes":""},"class_list":["post-724","page","type-page","status-publish","hentry"],"_links":{"self":[{"href":"https:\/\/www.iml.rwth-aachen.de\/index.php?rest_route=\/wp\/v2\/pages\/724","targetHints":{"allow":["GET"]}}],"collection":[{"href":"https:\/\/www.iml.rwth-aachen.de\/index.php?rest_route=\/wp\/v2\/pages"}],"about":[{"href":"https:\/\/www.iml.rwth-aachen.de\/index.php?rest_route=\/wp\/v2\/types\/page"}],"author":[{"embeddable":true,"href":"https:\/\/www.iml.rwth-aachen.de\/index.php?rest_route=\/wp\/v2\/users\/1"}],"replies":[{"embeddable":true,"href":"https:\/\/www.iml.rwth-aachen.de\/index.php?rest_route=%2Fwp%2Fv2%2Fcomments&post=724"}],"version-history":[{"count":17,"href":"https:\/\/www.iml.rwth-aachen.de\/index.php?rest_route=\/wp\/v2\/pages\/724\/revisions"}],"predecessor-version":[{"id":963,"href":"https:\/\/www.iml.rwth-aachen.de\/index.php?rest_route=\/wp\/v2\/pages\/724\/revisions\/963"}],"up":[{"embeddable":true,"href":"https:\/\/www.iml.rwth-aachen.de\/index.php?rest_route=\/wp\/v2\/pages\/260"}],"wp:attachment":[{"href":"https:\/\/www.iml.rwth-aachen.de\/index.php?rest_route=%2Fwp%2Fv2%2Fmedia&parent=724"}],"curies":[{"name":"wp","href":"https:\/\/api.w.org\/{rel}","templated":true}]}}