{"id":535,"date":"2022-03-30T13:05:35","date_gmt":"2022-03-30T11:05:35","guid":{"rendered":"http:\/\/127.0.0.1\/iml\/?page_id=535"},"modified":"2022-04-04T14:14:13","modified_gmt":"2022-04-04T12:14:13","slug":"80geburtstag-prof-friedrich","status":"publish","type":"page","link":"https:\/\/www.iml.rwth-aachen.de\/?page_id=535","title":{"rendered":"80Geburtstag-Prof.Friedrich"},"content":{"rendered":"<h1>Festkolloquium f\u00fcr Professor emeritus Dr. rer. nat. G\u00fcnther Friedrich, Aachen<\/h1>\n<p>Aus Anlass der Vollendung des 80. Lebensjahres von Prof. em. G\u00fcnther Friedrich, fr\u00fcherer Direktor des Instituts f\u00fcr Mineralogie und Lagerst\u00e4ttenlehre der Rheinisch-Westf\u00e4lischen Technischen Hochschule (RWTH) Aachen wurde am 18. April 2009 ein Festkolloquium im\u00a0Ford-Saal des &#8222;Super C&#8220; der RWTH Aachen\u00a0ausgerichtet. Prof. M. Meyer, seit 1994 Nachfolger G. Friedrichs, begr\u00fc\u00dfte den Jubilar und die G\u00e4ste\u00a0und f\u00fchrte\u00a0durch die Veranstaltung, die durch das Institut f\u00fcr Mineralogie und Lagerst\u00e4ttenlehre sowie die Klockmann-Stiftung ausgerichtet wurde.<br \/>\nZur W\u00fcrdigung des Jubilars sprachen Prof. Meyer sowie der Sohn des Jubilars und amtierende Dekan der Fakult\u00e4t f\u00fcr Georessourcen und Materialtechnik, Prof.\u00a0B. Friedrich.<br \/>\nEs folgten\u00a0drei Festvortr\u00e4ge:<br \/>\nDer Direktor des Leibniz-Instituts f\u00fcr Meereswissenschaften, IFM-GEOMAR,\u00a0Prof.\u00a0P. Herzig, Kiel, trug vor zu dem Thema: Marine Gashydrate &#8211; Science Fiction oder\u00a0Technologie der Zukunft ?\u00a0Prof. S. Scott, University of Toronto, berichtete \u00fcber: Mines in the deep ocean &#8211; mineral resources of the future. \u00dcber Goldvorkommen und montanwirtschaftliche Aspekte im Zusammenhang mit Gold sprach Prof. M. Meyer in seinem Vortrag: Auf der Suche nach Gold. Alle Redner, die auf viele Jahre gemeinsamer Arbeiten mit\u00a0Prof. em. G\u00fcnther Friedrich zur\u00fcckblicken k\u00f6nnen, hoben auch die Verdienste des Jubilars in diesen wissenschaftlichen Feldern hervor.\u00a0Dem Festkolloquium schlo\u00df sich nach einer Pause ein langer Festabend im Quellenhof an.<br \/>\nG\u00fcnther Friedrich wurde am 15. April 1929 in Stuttgart geboren. Er studierte von 1948 bis 1954 zun\u00e4chst in seiner Heimatstadt, anschlie\u00dfend in Heidelberg Geologie und Mineralogie. Nach seiner Promotion dort beim &#8222;Erzvater&#8220; Paul Ramdohr und dem Geologen Ludwig R\u00fcger wechselte er als Wissenschaftlicher Assistent an die RWTH Aachen und habilitierte 1962 im Fachgebiet Mineralogie und Lagerst\u00e4ttenlehre. Nach einem zweij\u00e4hrigen Forschungsaufenthalt in den USA und in Kanada wurde er in Aachen Leiter der von ihm aufgebauten Abteilung f\u00fcr Angewandte Lagerst\u00e4ttenlehre. Im Dezember 1975 erfolgte die Berufung zum ordentlichen Professor f\u00fcr Mineralogie und Lagerst\u00e4ttenlehre und die Ernennung zum Direktor des gleichnamigen Instituts. Bis zu seiner Emeritierung 1994 arbeitete Professor Friedrich schwerpunktm\u00e4\u00dfig auf dem Gebiet der mineralischen Rohstoffe im terrestrischen und marinen Bereich.<br \/>\nProf. Friedrich hat sich im besonderen Ma\u00dfe f\u00fcr internationale Beziehungen seines Instituts und der RWTH Aachen eingesetzt und viele ausl\u00e4ndische Studierende ausgebildet und gef\u00f6rdert. Als Vorsitzender der DMG hat er Initiativen zur F\u00f6rderung des Mineralogen-Nachwuchses ergriffen. So ist die Schaffung des Nachwuchsfonds der Gesellschaft, aus dem die aktive Teilnahme junger Wissenschaftler an ihren Jahrestagungen unterst\u00fctzt wird, ebenso sein Werk wie die Einrichtung des Paul-Ramdohr-Preises, den die Gesellschaft f\u00fcr hervorragende Arbeiten des wissenschaftlichen Nachwuchses auf dem Gebiet der Mineralogie verleiht. In beiden F\u00e4llen hat er nicht nur die formalen Vorbereitungen getroffen, sondern auch die Ansammlung eines beachtlichen Stiftungskapitals initiiert.<br \/>\nVon der DMG wurde Herrn Friedrich 1995 die Abraham-Gottlob-Werner-Medaille in Gold &#8222;in Anerkennung seiner au\u00dferordentlichen Verdienste um die F\u00f6rderung der Mineralogischen Wissenschaft in nationalem und internationalem Ma\u00dfstab und zugleich f\u00fcr seine hervorragenden wissen-schaftlichen Arbeiten auf den Gebieten der Mineralogie und der Lagerst\u00e4ttenlehre&#8220; verliehen.<\/p>\n","protected":false},"excerpt":{"rendered":"<p>Festkolloquium f\u00fcr Professor emeritus Dr. rer. nat. G\u00fcnther Friedrich, Aachen Aus Anlass der Vollendung des 80. Lebensjahres von Prof. em. G\u00fcnther Friedrich, fr\u00fcherer Direktor des Instituts f\u00fcr Mineralogie und Lagerst\u00e4ttenlehre der Rheinisch-Westf\u00e4lischen Technischen Hochschule (RWTH) Aachen wurde am 18. April 2009 ein Festkolloquium im\u00a0Ford-Saal des &#8222;Super C&#8220; der RWTH Aachen\u00a0ausgerichtet. Prof. M. Meyer, seit 1994 [&hellip;]<\/p>\n","protected":false},"author":1,"featured_media":0,"parent":270,"menu_order":0,"comment_status":"closed","ping_status":"closed","template":"","meta":{"footnotes":""},"class_list":["post-535","page","type-page","status-publish","hentry"],"_links":{"self":[{"href":"https:\/\/www.iml.rwth-aachen.de\/index.php?rest_route=\/wp\/v2\/pages\/535","targetHints":{"allow":["GET"]}}],"collection":[{"href":"https:\/\/www.iml.rwth-aachen.de\/index.php?rest_route=\/wp\/v2\/pages"}],"about":[{"href":"https:\/\/www.iml.rwth-aachen.de\/index.php?rest_route=\/wp\/v2\/types\/page"}],"author":[{"embeddable":true,"href":"https:\/\/www.iml.rwth-aachen.de\/index.php?rest_route=\/wp\/v2\/users\/1"}],"replies":[{"embeddable":true,"href":"https:\/\/www.iml.rwth-aachen.de\/index.php?rest_route=%2Fwp%2Fv2%2Fcomments&post=535"}],"version-history":[{"count":2,"href":"https:\/\/www.iml.rwth-aachen.de\/index.php?rest_route=\/wp\/v2\/pages\/535\/revisions"}],"predecessor-version":[{"id":551,"href":"https:\/\/www.iml.rwth-aachen.de\/index.php?rest_route=\/wp\/v2\/pages\/535\/revisions\/551"}],"up":[{"embeddable":true,"href":"https:\/\/www.iml.rwth-aachen.de\/index.php?rest_route=\/wp\/v2\/pages\/270"}],"wp:attachment":[{"href":"https:\/\/www.iml.rwth-aachen.de\/index.php?rest_route=%2Fwp%2Fv2%2Fmedia&parent=535"}],"curies":[{"name":"wp","href":"https:\/\/api.w.org\/{rel}","templated":true}]}}