{"id":528,"date":"2022-03-30T12:57:35","date_gmt":"2022-03-30T10:57:35","guid":{"rendered":"http:\/\/127.0.0.1\/iml\/?page_id=528"},"modified":"2022-04-01T13:12:08","modified_gmt":"2022-04-01T11:12:08","slug":"d-schachner-strasse","status":"publish","type":"page","link":"https:\/\/www.iml.rwth-aachen.de\/?page_id=528","title":{"rendered":"D.Schachner-Strasse"},"content":{"rendered":"\t\t<div data-elementor-type=\"wp-page\" data-elementor-id=\"528\" class=\"elementor elementor-528\">\n\t\t\t\t\t\t<section class=\"elementor-section elementor-top-section elementor-element elementor-element-66e74b71 elementor-section-boxed elementor-section-height-default elementor-section-height-default\" data-id=\"66e74b71\" data-element_type=\"section\">\n\t\t\t\t\t\t<div class=\"elementor-container elementor-column-gap-default\">\n\t\t\t\t\t<div class=\"elementor-column elementor-col-100 elementor-top-column elementor-element elementor-element-6fb86502\" data-id=\"6fb86502\" data-element_type=\"column\">\n\t\t\t<div class=\"elementor-widget-wrap elementor-element-populated\">\n\t\t\t\t\t\t<div class=\"elementor-element elementor-element-2566cf58 elementor-widget elementor-widget-text-editor\" data-id=\"2566cf58\" data-element_type=\"widget\" data-widget_type=\"text-editor.default\">\n\t\t\t\t<div class=\"elementor-widget-container\">\n\t\t\t\t\t\t\t\t\t<p>Doris-Schachner-Strasse<\/p><p>Zu Ehren der fr\u00fcheren Direktorin des Instituts f\u00fcr Mineralogie und Lagerst\u00e4ttenlehre der RWTH Aachen und ersten deutschen Professorin f\u00fcr Mineralogie wurde im Stadtrat beschlossen, eine Stra\u00dfe im Bereich Campus Melaten in \u201eDoris-Schachner-Stra\u00dfe\u201c zu benennen.<\/p><p><img fetchpriority=\"high\" decoding=\"async\" class=\"alignnone size-full wp-image-529\" src=\"http:\/\/test.iml.rwth-aachen.de\/wp-content\/uploads\/2022\/03\/DSStrasse.jpg\" alt=\"\" width=\"2018\" height=\"1385\" \/><\/p><p><img decoding=\"async\" class=\"alignnone size-full wp-image-529\" src=\"http:\/\/127.0.0.1\/iml\/wp-content\/uploads\/2022\/03\/DSStrasse.jpg\" alt=\"\" width=\"2018\" height=\"1385\" \/><\/p>\t\t\t\t\t\t\t\t<\/div>\n\t\t\t\t<\/div>\n\t\t\t\t\t<\/div>\n\t\t<\/div>\n\t\t\t\t\t<\/div>\n\t\t<\/section>\n\t\t\t\t<\/div>\n\t\t","protected":false},"excerpt":{"rendered":"<p>Doris-Schachner-Strasse Zu Ehren der fr\u00fcheren Direktorin des Instituts f\u00fcr Mineralogie und Lagerst\u00e4ttenlehre der RWTH Aachen und ersten deutschen Professorin f\u00fcr Mineralogie wurde im Stadtrat beschlossen, eine Stra\u00dfe im Bereich Campus Melaten in \u201eDoris-Schachner-Stra\u00dfe\u201c zu benennen.<\/p>\n","protected":false},"author":1,"featured_media":0,"parent":270,"menu_order":0,"comment_status":"closed","ping_status":"closed","template":"","meta":{"footnotes":""},"class_list":["post-528","page","type-page","status-publish","hentry"],"_links":{"self":[{"href":"https:\/\/www.iml.rwth-aachen.de\/index.php?rest_route=\/wp\/v2\/pages\/528","targetHints":{"allow":["GET"]}}],"collection":[{"href":"https:\/\/www.iml.rwth-aachen.de\/index.php?rest_route=\/wp\/v2\/pages"}],"about":[{"href":"https:\/\/www.iml.rwth-aachen.de\/index.php?rest_route=\/wp\/v2\/types\/page"}],"author":[{"embeddable":true,"href":"https:\/\/www.iml.rwth-aachen.de\/index.php?rest_route=\/wp\/v2\/users\/1"}],"replies":[{"embeddable":true,"href":"https:\/\/www.iml.rwth-aachen.de\/index.php?rest_route=%2Fwp%2Fv2%2Fcomments&post=528"}],"version-history":[{"count":10,"href":"https:\/\/www.iml.rwth-aachen.de\/index.php?rest_route=\/wp\/v2\/pages\/528\/revisions"}],"predecessor-version":[{"id":1002,"href":"https:\/\/www.iml.rwth-aachen.de\/index.php?rest_route=\/wp\/v2\/pages\/528\/revisions\/1002"}],"up":[{"embeddable":true,"href":"https:\/\/www.iml.rwth-aachen.de\/index.php?rest_route=\/wp\/v2\/pages\/270"}],"wp:attachment":[{"href":"https:\/\/www.iml.rwth-aachen.de\/index.php?rest_route=%2Fwp%2Fv2%2Fmedia&parent=528"}],"curies":[{"name":"wp","href":"https:\/\/api.w.org\/{rel}","templated":true}]}}