{"id":339,"date":"2021-11-11T22:15:47","date_gmt":"2021-11-11T21:15:47","guid":{"rendered":"http:\/\/127.0.0.1\/iml\/?page_id=339"},"modified":"2022-04-06T10:47:45","modified_gmt":"2022-04-06T08:47:45","slug":"impressum","status":"publish","type":"page","link":"https:\/\/www.iml.rwth-aachen.de\/?page_id=339","title":{"rendered":"Impressum"},"content":{"rendered":"\t\t<div data-elementor-type=\"wp-page\" data-elementor-id=\"339\" class=\"elementor elementor-339\">\n\t\t\t\t\t\t<section class=\"elementor-section elementor-top-section elementor-element elementor-element-5a19a1a2 elementor-section-boxed elementor-section-height-default elementor-section-height-default\" data-id=\"5a19a1a2\" data-element_type=\"section\">\n\t\t\t\t\t\t<div class=\"elementor-container elementor-column-gap-default\">\n\t\t\t\t\t<div class=\"elementor-column elementor-col-100 elementor-top-column elementor-element elementor-element-6f77dbc\" data-id=\"6f77dbc\" data-element_type=\"column\">\n\t\t\t<div class=\"elementor-widget-wrap elementor-element-populated\">\n\t\t\t\t\t\t<div class=\"elementor-element elementor-element-e28dd9e elementor-widget elementor-widget-text-editor\" data-id=\"e28dd9e\" data-element_type=\"widget\" data-widget_type=\"text-editor.default\">\n\t\t\t\t<div class=\"elementor-widget-container\">\n\t\t\t\t\t\t\t\t\t<p><\/p>\n<h1 class=\"wp-block-heading\" id=\"institut-fur-angewandte-mineralogie-und-lagerstattenlehre\">Institut f\u00fcr Angewandte Mineralogie und Lagerst\u00e4ttenlehre<\/h1>\n<p><\/p>\n<p><\/p>\n<h1 class=\"wp-block-heading\" id=\"rwth-aachen-university\">RWTH Aachen University<\/h1>\n<p><\/p>\n<p><\/p>\n<p><strong>Prof. Dr. Thomas Wagner<\/strong><\/p>\n<p><\/p>\n<p><\/p>\n<p>W\u00fcllnerstra\u00dfe 2 (Bergbaugeb\u00e4ude)<br \/>52062 Aachen<\/p>\n<p><\/p>\n<p><\/p>\n<p><strong>Kontakt:<\/strong><br \/>Sekretariat :<br \/>Tel.: 0241-80-95774 und 0241-80-95758<br \/><br \/>E-mail: mineralogie@iml.rwth-aachen.de<br \/>Webseite: www.iml.rwth-aachen.de<\/p>\n<p><\/p>\n<p><\/p>\n<p>Umsatzsteueridentifikationsnummer (USt ID Nr.) der RWTH: <strong>DE121689807<\/strong><\/p>\n<p><\/p>\n<p><\/p>\n<p><a href=\"mailto:webmaster@iml.rwth-aachen.de\">Webmaster<br \/><br \/><br \/><br \/><br \/><br \/><\/a><\/p>\n<p><\/p>\n<p>\u00a0<\/p>\t\t\t\t\t\t\t\t<\/div>\n\t\t\t\t<\/div>\n\t\t\t\t\t<\/div>\n\t\t<\/div>\n\t\t\t\t\t<\/div>\n\t\t<\/section>\n\t\t\t\t<\/div>\n\t\t","protected":false},"excerpt":{"rendered":"<p>Institut f\u00fcr Angewandte Mineralogie und Lagerst\u00e4ttenlehre RWTH Aachen University Prof. Dr. Thomas Wagner W\u00fcllnerstra\u00dfe 2 (Bergbaugeb\u00e4ude)52062 Aachen Kontakt:Sekretariat :Tel.: 0241-80-95774 und 0241-80-95758 E-mail: mineralogie@iml.rwth-aachen.deWebseite: www.iml.rwth-aachen.de Umsatzsteueridentifikationsnummer (USt ID Nr.) der RWTH: DE121689807 Webmaster \u00a0<\/p>\n","protected":false},"author":1,"featured_media":0,"parent":0,"menu_order":0,"comment_status":"closed","ping_status":"closed","template":"","meta":{"footnotes":""},"class_list":["post-339","page","type-page","status-publish","hentry"],"_links":{"self":[{"href":"https:\/\/www.iml.rwth-aachen.de\/index.php?rest_route=\/wp\/v2\/pages\/339","targetHints":{"allow":["GET"]}}],"collection":[{"href":"https:\/\/www.iml.rwth-aachen.de\/index.php?rest_route=\/wp\/v2\/pages"}],"about":[{"href":"https:\/\/www.iml.rwth-aachen.de\/index.php?rest_route=\/wp\/v2\/types\/page"}],"author":[{"embeddable":true,"href":"https:\/\/www.iml.rwth-aachen.de\/index.php?rest_route=\/wp\/v2\/users\/1"}],"replies":[{"embeddable":true,"href":"https:\/\/www.iml.rwth-aachen.de\/index.php?rest_route=%2Fwp%2Fv2%2Fcomments&post=339"}],"version-history":[{"count":11,"href":"https:\/\/www.iml.rwth-aachen.de\/index.php?rest_route=\/wp\/v2\/pages\/339\/revisions"}],"predecessor-version":[{"id":701,"href":"https:\/\/www.iml.rwth-aachen.de\/index.php?rest_route=\/wp\/v2\/pages\/339\/revisions\/701"}],"wp:attachment":[{"href":"https:\/\/www.iml.rwth-aachen.de\/index.php?rest_route=%2Fwp%2Fv2%2Fmedia&parent=339"}],"curies":[{"name":"wp","href":"https:\/\/api.w.org\/{rel}","templated":true}]}}