{"id":266,"date":"2021-11-11T15:50:19","date_gmt":"2021-11-11T14:50:19","guid":{"rendered":"http:\/\/www.iml.rwth-aachen.de\/?page_id=266"},"modified":"2022-04-06T10:40:00","modified_gmt":"2022-04-06T08:40:00","slug":"anfahrt","status":"publish","type":"page","link":"https:\/\/www.iml.rwth-aachen.de\/?page_id=266","title":{"rendered":"Anfahrt"},"content":{"rendered":"\t\t<div data-elementor-type=\"wp-page\" data-elementor-id=\"266\" class=\"elementor elementor-266\">\n\t\t\t\t\t\t<section class=\"elementor-section elementor-top-section elementor-element elementor-element-54b88fe2 elementor-section-boxed elementor-section-height-default elementor-section-height-default\" data-id=\"54b88fe2\" data-element_type=\"section\">\n\t\t\t\t\t\t<div class=\"elementor-container elementor-column-gap-default\">\n\t\t\t\t\t<div class=\"elementor-column elementor-col-100 elementor-top-column elementor-element elementor-element-55c18cc8\" data-id=\"55c18cc8\" data-element_type=\"column\">\n\t\t\t<div class=\"elementor-widget-wrap elementor-element-populated\">\n\t\t\t\t\t\t<div class=\"elementor-element elementor-element-35bbc064 elementor-widget elementor-widget-text-editor\" data-id=\"35bbc064\" data-element_type=\"widget\" data-widget_type=\"text-editor.default\">\n\t\t\t\t<div class=\"elementor-widget-container\">\n\t\t\t\t\t\t\t\t\t<p><\/p>\n<h2 class=\"wp-block-heading\" id=\"anfahrt\">Anfahrt<\/h2>\n<p><\/p>\n<p><\/p>\n<ul class=\"wp-block-list\">\n<li>Vom Autobahnkreuz Aachen auf der A4 Richtung AC-Zentrum. Abfahrt Aachen-Laurensberg, Richtung Zentrum weiterfahren.<\/li>\n<li>Die Roermonder Stra\u00dfe bis zum Ende durchfahren. Sie kommen an eine gro\u00dfe Kreuzung, dahinter ist das Ponttor zu sehen.<br \/>Rechts auf den Pontwall einbiegen.<\/li>\n<li>Nach 100 m links einordnen und in die W\u00fcllnerstra\u00dfe einbiegen.<\/li>\n<li>Nach weiteren 100 m wieder links abbiegen und in den Marienbongard fahren (Sackgasse), dort parken.<\/li>\n<li>Diese Bilder zeigen das Bergbau-Geb\u00e4ude.<br \/><br \/><img decoding=\"async\" class=\"alignnone size-full wp-image-560\" src=\"http:\/\/www.iml.rwth-aachen.de\/wp-content\/uploads\/images\/bergbau1k.jpg\" alt=\"\" width=\"267\" height=\"187\" \/>\u00a0 &lt;\u00a0&gt;<img decoding=\"async\" class=\"alignnone size-full wp-image-560\" src=\"http:\/\/www.iml.rwth-aachen.de\/wp-content\/uploads\/images\/bergbau2k.jpg\" alt=\"\" width=\"267\" height=\"187\" \/>\u00a0 <br \/><br \/><\/li>\n<li>Sie haben uns gefunden<br \/><br \/><br \/><br \/><br \/><\/li>\n<\/ul>\n<p><\/p>\t\t\t\t\t\t\t\t<\/div>\n\t\t\t\t<\/div>\n\t\t\t\t\t<\/div>\n\t\t<\/div>\n\t\t\t\t\t<\/div>\n\t\t<\/section>\n\t\t\t\t<\/div>\n\t\t","protected":false},"excerpt":{"rendered":"<p>Anfahrt Vom Autobahnkreuz Aachen auf der A4 Richtung AC-Zentrum. Abfahrt Aachen-Laurensberg, Richtung Zentrum weiterfahren. Die Roermonder Stra\u00dfe bis zum Ende durchfahren. Sie kommen an eine gro\u00dfe Kreuzung, dahinter ist das Ponttor zu sehen.Rechts auf den Pontwall einbiegen. Nach 100 m links einordnen und in die W\u00fcllnerstra\u00dfe einbiegen. Nach weiteren 100 m wieder links abbiegen und [&hellip;]<\/p>\n","protected":false},"author":1,"featured_media":0,"parent":0,"menu_order":0,"comment_status":"closed","ping_status":"closed","template":"","meta":{"footnotes":""},"class_list":["post-266","page","type-page","status-publish","hentry"],"_links":{"self":[{"href":"https:\/\/www.iml.rwth-aachen.de\/index.php?rest_route=\/wp\/v2\/pages\/266","targetHints":{"allow":["GET"]}}],"collection":[{"href":"https:\/\/www.iml.rwth-aachen.de\/index.php?rest_route=\/wp\/v2\/pages"}],"about":[{"href":"https:\/\/www.iml.rwth-aachen.de\/index.php?rest_route=\/wp\/v2\/types\/page"}],"author":[{"embeddable":true,"href":"https:\/\/www.iml.rwth-aachen.de\/index.php?rest_route=\/wp\/v2\/users\/1"}],"replies":[{"embeddable":true,"href":"https:\/\/www.iml.rwth-aachen.de\/index.php?rest_route=%2Fwp%2Fv2%2Fcomments&post=266"}],"version-history":[{"count":41,"href":"https:\/\/www.iml.rwth-aachen.de\/index.php?rest_route=\/wp\/v2\/pages\/266\/revisions"}],"predecessor-version":[{"id":671,"href":"https:\/\/www.iml.rwth-aachen.de\/index.php?rest_route=\/wp\/v2\/pages\/266\/revisions\/671"}],"wp:attachment":[{"href":"https:\/\/www.iml.rwth-aachen.de\/index.php?rest_route=%2Fwp%2Fv2%2Fmedia&parent=266"}],"curies":[{"name":"wp","href":"https:\/\/api.w.org\/{rel}","templated":true}]}}