{"id":256,"date":"2021-11-11T15:42:32","date_gmt":"2021-11-11T14:42:32","guid":{"rendered":"http:\/\/127.0.0.1\/iml\/?page_id=256"},"modified":"2022-05-30T15:10:05","modified_gmt":"2022-05-30T13:10:05","slug":"doktorarbeiten","status":"publish","type":"page","link":"https:\/\/www.iml.rwth-aachen.de\/?page_id=256","title":{"rendered":"Doktorarbeiten"},"content":{"rendered":"\t\t<div data-elementor-type=\"wp-page\" data-elementor-id=\"256\" class=\"elementor elementor-256\">\n\t\t\t\t\t\t<section class=\"elementor-section elementor-top-section elementor-element elementor-element-43266245 elementor-section-boxed elementor-section-height-default elementor-section-height-default\" data-id=\"43266245\" data-element_type=\"section\">\n\t\t\t\t\t\t<div class=\"elementor-container elementor-column-gap-default\">\n\t\t\t\t\t<div class=\"elementor-column elementor-col-100 elementor-top-column elementor-element elementor-element-7f2f2a0f\" data-id=\"7f2f2a0f\" data-element_type=\"column\">\n\t\t\t<div class=\"elementor-widget-wrap elementor-element-populated\">\n\t\t\t\t\t\t<div class=\"elementor-element elementor-element-5c9f5214 elementor-widget elementor-widget-text-editor\" data-id=\"5c9f5214\" data-element_type=\"widget\" data-widget_type=\"text-editor.default\">\n\t\t\t\t<div class=\"elementor-widget-container\">\n\t\t\t\t\t\t\t\t\t<p><\/p>\n<h3 class=\"wp-block-heading\">Abgeschlossene Doktorarbeiten<\/h3>\n<p><\/p>\n<p><\/p>\n<p><!--strong>Schramm, Markus M.Sc.<\/strong><br \/>Strukturelle Kontrolle, Lagerst\u00e4ttengenese und Explorationskriterien syn- sp\u00e4torogener hydrothermaler Co-Ni-Cu-Au Lagerst\u00e4tten im Rheinischen Schiefergebirge.<\/p--><\/p>\n<p><\/p>\n<p><\/p>\n<p><strong>Gronen, Lars M.Sc.<br \/><\/strong>Lagerst\u00e4ttenkundlich &#8211; geometallurgische Charakterisierung des Alkaligesteinsvorkommens Khalzan Buregtel, Mongolei.<\/p>\n<p><\/p>\n<p><\/p>\n<p><strong>M\u00fcller, Sascha M.Sc.<br \/><\/strong>Metamorphic evolution and tectonic significance of high-P metamorphic rocks in the Palaeoproterozoic: the Nagssugtoqidian Orogen, South East Greenland.<\/p>\n<p><\/p>\n<p><\/p>\n<p><strong>Ernowo, M.Eng.<br \/><\/strong>Styles and Characteristics of Metamorphic Rock-Hosted Gold Deposits, Eastern Indonesia.<\/p>\n<p><\/p>\n<p><\/p>\n<p><strong>Stoltz, Nicolas, Dipl.-Geol.<\/strong><br \/>Geometallurgical investigation of unconventional rare earth element oxides.<\/p>\n<p><\/p>\n<p><\/p>\n<p><strong>Patrick Friedrichs, M.Sc.<\/strong><br \/>Development of a rare earth element resource database management system.<\/p>\n<p><\/p>\n<p><\/p>\n<p><strong>Katja Farber, M.Sc.<\/strong><br \/>Processes of seafloor hydrothermal alteration and tourmaline precipitation in Archean oceanic crust: the Barberton greenstone belt, South Africa.<\/p>\n<p><\/p>\n<p><\/p>\n<p><strong>Christoph Piribauer, Dipl.- Ing.<br \/><\/strong>The role of fluid inclusions in the rocks of the Outokumpu drilling site, Finland.<\/p>\n<p><\/p>\n<p><\/p>\n<p><strong>Vanessa Havenith, Dipl.- Min.<\/strong><br \/>Diageneseevolution von Ober-Rotliegend II Sandsteinen eines Tight-Gas Feldes in Ostfriesland (NW Deutschland)\u00a0<strong>Andr\u00e9 Hellmann, Dipl.- Geol.<\/strong>Genese der Hira-Buddinni Goldmine, Huti-Maski Gr\u00fcnsteing\u00fcrtel, S\u00fcdindien<\/p>\n<p><\/p>\n<p><\/p>\n<p><strong>Maria Chatziliadou, Dipl.- Min.<br \/><\/strong>Rb-Sr Alter und Sr-Pb Isotopencharakteristik von Gangmineralisationen in<br \/>pal\u00e4ozoischen Gesteinen am Nordrand des linksrheinischen Schiefergebirges (Raum Stolberg-<br \/>Aachen-Kelmis) und Vergleich mit den rezenten Thermalw\u00e4ssern von Aachen-Burtscheid.<\/p>\n<p><\/p>\n<p><\/p>\n<p><strong>Markus L\u00f6gering, Dipl. Geol.<\/strong><br \/>Pal\u00e4ofluide in hydrothermalen Kluftf\u00fcllungen und Intergranularzementen der Aachener Geothermie-Bohrung \u201eSuper C\u201c.<\/p>\n<p><\/p>\n<p><\/p>\n<p><strong>Wulff, Katharina, Dipl.- Geol.<\/strong><br \/>Petrology and Geochemistry of the Navachab Gold Deposit, Namibia.<\/p>\n<p><\/p>\n<p><\/p>\n<p><strong>Otto, Alexander, Dipl.- Min.<\/strong><br \/>Tectono-metamorphic controls on Archaean gold mineralisation at the New Consort Gold Mine, South Africa.<\/p>\n<p><\/p>\n<p><\/p>\n<p><strong>Barzegar, Hassan, M. Sc.<\/strong><br \/>An investigation of fluid inclusions and stable isotopes of the Seridune Copper Porphyry Deposit,Iran.<\/p>\n<p><\/p>\n<p><\/p>\n<p><strong>Sakellaris, Gregori, M.Sc.<\/strong><br \/>Petrology and geochemistry of the Cu-Co-Au-Fe-oxide Guelb Mogrhein deposit in Mauretania.<\/p>\n<p><\/p>\n<p><\/p>\n<p><a href=\"http:\/\/www.iml.rwth-aachen.de\/wp-content\/uploads\/File\/Dissertationen_neu(1).pdf\">Komplette Liste seit 1905<\/a><\/p>\n<p><\/p>\t\t\t\t\t\t\t\t<\/div>\n\t\t\t\t<\/div>\n\t\t\t\t\t<\/div>\n\t\t<\/div>\n\t\t\t\t\t<\/div>\n\t\t<\/section>\n\t\t\t\t<\/div>\n\t\t","protected":false},"excerpt":{"rendered":"<p>Abgeschlossene Doktorarbeiten Gronen, Lars M.Sc.Lagerst\u00e4ttenkundlich &#8211; geometallurgische Charakterisierung des Alkaligesteinsvorkommens Khalzan Buregtel, Mongolei. M\u00fcller, Sascha M.Sc.Metamorphic evolution and tectonic significance of high-P metamorphic rocks in the Palaeoproterozoic: the Nagssugtoqidian Orogen, South East Greenland. Ernowo, M.Eng.Styles and Characteristics of Metamorphic Rock-Hosted Gold Deposits, Eastern Indonesia. Stoltz, Nicolas, Dipl.-Geol.Geometallurgical investigation of unconventional rare earth element oxides. Patrick [&hellip;]<\/p>\n","protected":false},"author":1,"featured_media":0,"parent":0,"menu_order":0,"comment_status":"closed","ping_status":"closed","template":"","meta":{"footnotes":""},"class_list":["post-256","page","type-page","status-publish","hentry"],"_links":{"self":[{"href":"https:\/\/www.iml.rwth-aachen.de\/index.php?rest_route=\/wp\/v2\/pages\/256","targetHints":{"allow":["GET"]}}],"collection":[{"href":"https:\/\/www.iml.rwth-aachen.de\/index.php?rest_route=\/wp\/v2\/pages"}],"about":[{"href":"https:\/\/www.iml.rwth-aachen.de\/index.php?rest_route=\/wp\/v2\/types\/page"}],"author":[{"embeddable":true,"href":"https:\/\/www.iml.rwth-aachen.de\/index.php?rest_route=\/wp\/v2\/users\/1"}],"replies":[{"embeddable":true,"href":"https:\/\/www.iml.rwth-aachen.de\/index.php?rest_route=%2Fwp%2Fv2%2Fcomments&post=256"}],"version-history":[{"count":10,"href":"https:\/\/www.iml.rwth-aachen.de\/index.php?rest_route=\/wp\/v2\/pages\/256\/revisions"}],"predecessor-version":[{"id":766,"href":"https:\/\/www.iml.rwth-aachen.de\/index.php?rest_route=\/wp\/v2\/pages\/256\/revisions\/766"}],"wp:attachment":[{"href":"https:\/\/www.iml.rwth-aachen.de\/index.php?rest_route=%2Fwp%2Fv2%2Fmedia&parent=256"}],"curies":[{"name":"wp","href":"https:\/\/api.w.org\/{rel}","templated":true}]}}