{"id":254,"date":"2021-11-11T15:41:46","date_gmt":"2021-11-11T14:41:46","guid":{"rendered":"http:\/\/127.0.0.1\/iml\/?page_id=254"},"modified":"2024-02-02T11:35:21","modified_gmt":"2024-02-02T10:35:21","slug":"diplomarbeiten","status":"publish","type":"page","link":"https:\/\/www.iml.rwth-aachen.de\/?page_id=254","title":{"rendered":"Diplomarbeiten"},"content":{"rendered":"\t\t<div data-elementor-type=\"wp-page\" data-elementor-id=\"254\" class=\"elementor elementor-254\">\n\t\t\t\t\t\t<section class=\"elementor-section elementor-top-section elementor-element elementor-element-68c3f448 elementor-section-boxed elementor-section-height-default elementor-section-height-default\" data-id=\"68c3f448\" data-element_type=\"section\">\n\t\t\t\t\t\t<div class=\"elementor-container elementor-column-gap-default\">\n\t\t\t\t\t<div class=\"elementor-column elementor-col-100 elementor-top-column elementor-element elementor-element-3ae52e35\" data-id=\"3ae52e35\" data-element_type=\"column\">\n\t\t\t<div class=\"elementor-widget-wrap elementor-element-populated\">\n\t\t\t\t\t\t<div class=\"elementor-element elementor-element-3e3243c9 elementor-widget elementor-widget-text-editor\" data-id=\"3e3243c9\" data-element_type=\"widget\" data-widget_type=\"text-editor.default\">\n\t\t\t\t<div class=\"elementor-widget-container\">\n\t\t\t\t\t\t\t\t\t<p><\/p>\n<h3 class=\"wp-block-heading\">Abgeschlossene Diplomarbeiten<\/h3>\n<p><\/p>\n<p><\/p>\n<p><strong>Stoltz, Nicolas (2011) Cand. geol. <\/strong>Metamorphe Entwicklung von mafischen Granuliten des Tasiusarsuaq Terrans, SW Gr\u00f6nland &#8211; Prof. Dr. M. Meyer, A. Dziggel (PhD)<\/p>\n<p><\/p>\n<p><\/p>\n<p><strong>Koppelberg, Martin (2011) Cand. geol. <\/strong>Geochemische und petrologische Charakterisierung einer goldf\u00fchrenden, hydrothermalen Alterationszone auf der Insel Qilanngaarsuit, SW Gr\u00f6nland &#8211; Prof. Dr. M. Meyer, A. Dziggel (PhD)<\/p>\n<p><\/p>\n<p><\/p>\n<p><strong>Stoltz, Nicolas (2010) Cand. geol. Diplom-Kartierung<\/strong> Lithologische und strukturelle Kartierung von Teilen des Fiskenaesset Komplexes s\u00fcdlich von Sarfat Ariat, SW Gr\u00f6nland &#8211; Prof. Dr. M. Meyer, A. Dziggel (PhD)<\/p>\n<p><\/p>\n<p><\/p>\n<p><strong>Koppelberg, Martin (2010) Cand. geol. Diplom-Kartierung<\/strong> Lithologische und strukturelle Kartierung von Teilen des Fiskenaesset Komplexes, SW Gr\u00f6nland &#8211; Prof. Dr. M. Meyer, A. Dziggel (PhD)<\/p>\n<p><\/p>\n<p><\/p>\n<p><strong>Havenith, Vanessa (2008) Cand.-min.<\/strong> Morphologie, Mineralogie und Spurenelementgeochemie von Seamounts des Manihiki Plateaus (SW-Pazifik): Ein Beitrag zur Rekonstruktion des Magmatismus im Bereich einer ozeanischen Flutbasaltprovinz. &#8211; Prof. Dr. M. Meyer, Dr. R. Werner (GEOMAR, Kiel)<\/p>\n<p><\/p>\n<p><\/p>\n<p><strong>Y\u00fcceer, S\u00fckran (2008) Cand. min.<\/strong> Bewertung von Li, B, Cl, Br und I als Anzeiger f\u00fcr hydrothermale Prozesse &#8211; Untersuchung an der RWTH-1 Bohrung und aus Aufschl\u00fcssen der Wurm-Mulde. &#8211; Prof. Dr. F.M. Meyer, Prof. Dr. U. Kramm<\/p>\n<p><\/p>\n<p><\/p>\n<p><strong>Oskierski, Hans-Christoph (2008) Cand. min.<\/strong> Anthropogene geochemische Signaturen in der Region Natal, Nordost-Brasilien. &#8211; Prof. Dr. F.M. Meyer, Prof. Dr. U. Kramm<\/p>\n<p><\/p>\n<p><\/p>\n<p><strong>Beiss, Volker (2008) Cand. geol.<\/strong> Diplomarbeit Mineralchemische und Rb-Sr-isotopengeochemische Untersuchungen an Chlorit aus Kluftf\u00fcllungen der RWTH-1 Bohrung. &#8211; Prof. Dr. F.M. Meyer, Prof. Dr. U. Kramm<\/p>\n<p><\/p>\n<p><\/p>\n<p><strong>Beiss, Volker (2007) Cand. geol.<\/strong> Diplomkartierung Geologie der westlichen Inde-Mulde im Bereich Stolberg. &#8211; Prof. Dr. R. Littke, Dr. S. Sindern<\/p>\n<p><\/p>\n<p><\/p>\n<p><strong>Etoundi, Yvonne (2005) Cand. min.<\/strong> Tonmineralogische Untersuchung an Material der RWTH-1 Bohrung, 61 S. &#8211; Prof. Dr. H. Stanjek, Prof. Dr. F.M. Meyer<\/p>\n<p><\/p>\n<p><\/p>\n<p><strong>Knipfer, Sebastian (2005) Cand.-geol. <\/strong>Metamorphose und kinematische Entwicklung am n\u00f6rdlichen Rand des Barberton Gr\u00fcnsteing\u00fcrtels, Mpumalanga Provinz, S\u00fcdafrika. &#8211; Prof. Dr. M. Meyer, A. Dziggel (PhD)<\/p>\n<p><\/p>\n<p><\/p>\n<p><strong>Chatziliadou, Maria (2004) Cand.-min.<\/strong> Petrographie und Geochemie akkretion\u00e4rer Lapilli, Vergleich der Vorkommen des Rockeskyller Vulkankomplexes, Westeifel und des Monte Vulture, Mittelitalien Prof. Dr. U. Kramm, Prof. Dr. H. F\u00f6rster<\/p>\n<p><\/p>\n<p><\/p>\n<p><strong>Gotsis, Johann (2003) Cand.-geol.<\/strong>Wechselwirkungen an der Kontaktzone des Okenyenya-Komplexes, Namibia &#8211; Geochemie und Petrologie &#8211; Prof. Dr. U. Kramm, Prof. Dr. H. F\u00f6rster<\/p>\n<p><\/p>\n<p><\/p>\n<p><strong>Ludewig, Marc, (2003) Cand.-geol. Diplom-Kartierung<\/strong> Geologische Kartierung der Boa Vista &#8211; Bentonite in Para\u00edba, Brasilien Prof. Dr. F.M. Meyer, Prof. P. Kukla, PhD<\/p>\n<p><\/p>\n<p><\/p>\n<p><strong>Lischewski, Ingo (2002) Cand.-min.<\/strong> Untersuchung der Fluoreszenz von Erzen und Nebengesteinen der Eisenerzlagerst\u00e4tte Kiruna (Schweden) &#8211; Prof. Dr. H. F\u00f6rster, Prof. Dr. G. Roth; Dr.-Ing. H. F. Broicher (LIF-GmbH, Wedel)<\/p>\n<p><\/p>\n<p><\/p>\n<p><strong>Peters, Volker (2002) Cand.-min.<\/strong> Petrologie und Mineralchemie von Mantelxenolith-Ausw\u00fcrflingen des Bayuyo, Fuerteventura, Kanarische Inseln &#8211; Prof. Dr. U. Kramm, Prof. Dr. H. F\u00f6rster<\/p>\n<p><\/p>\n<p><\/p>\n<p><strong>Combrink, Sabine (2002) Cand.-geol. <\/strong>Geologie und Petrographie granitischer Intrusionen in der Region von Linares im Navelgas-Goldg\u00fcrtel, West-Asturien, Spanien Prof. Dr. F. M. Meyer, Prof. Dr. A. Martin-Izard (Univ. Oviedo, Spanien)<\/p>\n<p><\/p>\n<p><\/p>\n<p><strong>Marchel, Christian(2001) Cand.-geol.<\/strong> Vergleichende Untersuchungen von sedimentologischen und geochemischen Parametern in Quarzsandlagerst\u00e4tten &#8211; Prof. Dr. F. M. Meyer, Prof. Dr. P. Kukla<\/p>\n<p><\/p>\n<p><\/p>\n<p><strong>Hellmann, Andr\u00e9 (2001) Cand.-geol.<\/strong> Petrographie und Geochemie der Au-Lagerst\u00e4tte Ajjanahalli, Indien Prof. Dr. F.M. Meyer, Prof. Dr. P. Kukla<\/p>\n<p><\/p>\n<p><\/p>\n<p><strong>Lehne, Eric (2001) Cand.-geol.<\/strong> Petrographie und Geochemie alterierter Metavulkanite der Cuiab\u00e1 Mine Prof. Dr. F.M. Meyer, Priv.-Doz. Dr. A. Willner<\/p>\n<p><\/p>\n<p><\/p>\n<p><strong>Halloubi, Fouzia (2001) Cand.-min.<\/strong>Untersuchungen des Verschlei\u00dfverhaltens von keramischen Werkstoffen im Hochtemperaturbereich &#8211; Prof. H.R. Maier, Prof. Dr.-Ing. H.-G. F\u00f6rster.<\/p>\n<p><\/p>\n<p><\/p>\n<p><a href=\"http:\/\/www.iml.rwth-aachen.de\/wp-content\/uploads\/2024\/02\/Diplomab1987-1.pdf\">Komplette Liste seit 1987<\/a><\/p>\n<p><\/p>\t\t\t\t\t\t\t\t<\/div>\n\t\t\t\t<\/div>\n\t\t\t\t\t<\/div>\n\t\t<\/div>\n\t\t\t\t\t<\/div>\n\t\t<\/section>\n\t\t\t\t<\/div>\n\t\t","protected":false},"excerpt":{"rendered":"<p>Abgeschlossene Diplomarbeiten Stoltz, Nicolas (2011) Cand. geol. Metamorphe Entwicklung von mafischen Granuliten des Tasiusarsuaq Terrans, SW Gr\u00f6nland &#8211; Prof. Dr. M. Meyer, A. Dziggel (PhD) Koppelberg, Martin (2011) Cand. geol. Geochemische und petrologische Charakterisierung einer goldf\u00fchrenden, hydrothermalen Alterationszone auf der Insel Qilanngaarsuit, SW Gr\u00f6nland &#8211; Prof. Dr. M. Meyer, A. Dziggel (PhD) Stoltz, Nicolas (2010) [&hellip;]<\/p>\n","protected":false},"author":1,"featured_media":0,"parent":0,"menu_order":0,"comment_status":"closed","ping_status":"closed","template":"","meta":{"footnotes":""},"class_list":["post-254","page","type-page","status-publish","hentry"],"_links":{"self":[{"href":"https:\/\/www.iml.rwth-aachen.de\/index.php?rest_route=\/wp\/v2\/pages\/254","targetHints":{"allow":["GET"]}}],"collection":[{"href":"https:\/\/www.iml.rwth-aachen.de\/index.php?rest_route=\/wp\/v2\/pages"}],"about":[{"href":"https:\/\/www.iml.rwth-aachen.de\/index.php?rest_route=\/wp\/v2\/types\/page"}],"author":[{"embeddable":true,"href":"https:\/\/www.iml.rwth-aachen.de\/index.php?rest_route=\/wp\/v2\/users\/1"}],"replies":[{"embeddable":true,"href":"https:\/\/www.iml.rwth-aachen.de\/index.php?rest_route=%2Fwp%2Fv2%2Fcomments&post=254"}],"version-history":[{"count":19,"href":"https:\/\/www.iml.rwth-aachen.de\/index.php?rest_route=\/wp\/v2\/pages\/254\/revisions"}],"predecessor-version":[{"id":892,"href":"https:\/\/www.iml.rwth-aachen.de\/index.php?rest_route=\/wp\/v2\/pages\/254\/revisions\/892"}],"wp:attachment":[{"href":"https:\/\/www.iml.rwth-aachen.de\/index.php?rest_route=%2Fwp%2Fv2%2Fmedia&parent=254"}],"curies":[{"name":"wp","href":"https:\/\/api.w.org\/{rel}","templated":true}]}}